{"id":15,"date":"2025-12-15T09:50:22","date_gmt":"2025-12-15T09:50:22","guid":{"rendered":"https:\/\/quizzical-haibt.104-156-48-234.plesk.page\/?page_id=15"},"modified":"2026-02-08T23:07:45","modified_gmt":"2026-02-08T23:07:45","slug":"inicial","status":"publish","type":"page","link":"https:\/\/garfoclube.com.br\/","title":{"rendered":"Inicial"},"content":{"rendered":"<p>[et_pb_section fb_built=&#8221;1&#8243; _builder_version=&#8221;4.27.4&#8243; _module_preset=&#8221;default&#8221; custom_padding=&#8221;10px||0px|||&#8221; global_colors_info=&#8221;{}&#8221;][et_pb_row use_custom_gutter=&#8221;on&#8221; gutter_width=&#8221;4&#8243; make_equal=&#8221;on&#8221; _builder_version=&#8221;4.27.4&#8243; _module_preset=&#8221;default&#8221; width=&#8221;100%&#8221; max_width=&#8221;2560px&#8221; module_alignment=&#8221;center&#8221; custom_margin=&#8221;-10px|auto||auto||&#8221; custom_padding=&#8221;0px||0px|||&#8221; global_colors_info=&#8221;{}&#8221;][et_pb_column type=&#8221;4_4&#8243; _builder_version=&#8221;4.27.4&#8243; _module_preset=&#8221;default&#8221; global_colors_info=&#8221;{}&#8221;][et_pb_image src=&#8221;https:\/\/garfoclube.com.br\/wp-content\/uploads\/2025\/12\/001.jpg&#8221; title_text=&#8221;001&#8243; align=&#8221;center&#8221; _builder_version=&#8221;4.27.4&#8243; _module_preset=&#8221;default&#8221; custom_margin=&#8221;||3px|||&#8221; global_colors_info=&#8221;{}&#8221;][\/et_pb_image][\/et_pb_column][\/et_pb_row][\/et_pb_section][et_pb_section fb_built=&#8221;1&#8243; _builder_version=&#8221;4.27.4&#8243; _module_preset=&#8221;default&#8221; background_color=&#8221;#0C71C3&#8243; custom_padding=&#8221;0px||0px|||&#8221; global_colors_info=&#8221;{}&#8221;][et_pb_row _builder_version=&#8221;4.27.4&#8243; _module_preset=&#8221;default&#8221; custom_margin=&#8221;-12px|auto||auto||&#8221; global_colors_info=&#8221;{}&#8221;][et_pb_column type=&#8221;4_4&#8243; _builder_version=&#8221;4.27.4&#8243; _module_preset=&#8221;default&#8221; global_colors_info=&#8221;{}&#8221;][et_pb_text _builder_version=&#8221;4.27.4&#8243; _module_preset=&#8221;default&#8221; custom_margin=&#8221;||-16px|||&#8221; global_colors_info=&#8221;{}&#8221;]<\/p>\n<h1 style=\"text-align: center;\"><span style=\"color: #ffffff;\"><strong>EVENTOS<\/strong><\/span><\/h1>\n<p>[\/et_pb_text][\/et_pb_column][\/et_pb_row][\/et_pb_section][et_pb_section fb_built=&#8221;1&#8243; _builder_version=&#8221;4.27.4&#8243; _module_preset=&#8221;default&#8221; custom_padding=&#8221;3px||34px|||&#8221; global_colors_info=&#8221;{}&#8221;][et_pb_row column_structure=&#8221;1_3,1_3,1_3&#8243; _builder_version=&#8221;4.27.4&#8243; _module_preset=&#8221;default&#8221; global_colors_info=&#8221;{}&#8221;][et_pb_column type=&#8221;1_3&#8243; _builder_version=&#8221;4.27.4&#8243; _module_preset=&#8221;default&#8221; global_colors_info=&#8221;{}&#8221;][et_pb_image src=&#8221;https:\/\/garfoclube.com.br\/wp-content\/uploads\/2025\/12\/1.jpg&#8221; title_text=&#8221;1&#8243; url=&#8221;https:\/\/garfoclube.com.br\/index.php\/cerimonia-de-pose\/&#8221; _builder_version=&#8221;4.27.4&#8243; _module_preset=&#8221;default&#8221; global_colors_info=&#8221;{}&#8221;][\/et_pb_image][et_pb_text _builder_version=&#8221;4.27.4&#8243; _module_preset=&#8221;default&#8221; global_colors_info=&#8221;{}&#8221;]<\/p>\n<h3><strong>Cerim\u00f4nia de Pose<\/strong><\/h3>\n<p>[\/et_pb_text][\/et_pb_column][et_pb_column type=&#8221;1_3&#8243; _builder_version=&#8221;4.27.4&#8243; _module_preset=&#8221;default&#8221; global_colors_info=&#8221;{}&#8221;][et_pb_image src=&#8221;https:\/\/garfoclube.com.br\/wp-content\/uploads\/2025\/12\/Design-sem-nome-11.jpg&#8221; title_text=&#8221;Design sem nome (11)&#8221; url=&#8221;https:\/\/garfoclube.com.br\/index.php\/maratonagua\/&#8221; _builder_version=&#8221;4.27.4&#8243; _module_preset=&#8221;default&#8221; global_colors_info=&#8221;{}&#8221;][\/et_pb_image][et_pb_text _builder_version=&#8221;4.27.4&#8243; _module_preset=&#8221;default&#8221; global_colors_info=&#8221;{}&#8221;]<\/p>\n<h3><strong>Maraton\u00e1gua<\/strong><\/h3>\n<p>[\/et_pb_text][\/et_pb_column][et_pb_column type=&#8221;1_3&#8243; _builder_version=&#8221;4.27.4&#8243; _module_preset=&#8221;default&#8221; global_colors_info=&#8221;{}&#8221;][et_pb_image src=&#8221;https:\/\/garfoclube.com.br\/wp-content\/uploads\/2025\/12\/Design-sem-nome-12.jpg&#8221; title_text=&#8221;Design sem nome (12)&#8221; url=&#8221;https:\/\/garfoclube.com.br\/index.php\/circuito-de-voleibol\/&#8221; _builder_version=&#8221;4.27.4&#8243; _module_preset=&#8221;default&#8221; global_colors_info=&#8221;{}&#8221;][\/et_pb_image][et_pb_text _builder_version=&#8221;4.27.4&#8243; _module_preset=&#8221;default&#8221; global_colors_info=&#8221;{}&#8221;]<\/p>\n<h3><strong>Circuito Voleibol<\/strong><\/h3>\n<p>[\/et_pb_text][\/et_pb_column][\/et_pb_row][\/et_pb_section][et_pb_section fb_built=&#8221;1&#8243; _builder_version=&#8221;4.27.4&#8243; _module_preset=&#8221;default&#8221; background_color=&#8221;#0C71C3&#8243; custom_padding=&#8221;0px||0px|||&#8221; global_colors_info=&#8221;{}&#8221;][et_pb_row _builder_version=&#8221;4.27.4&#8243; _module_preset=&#8221;default&#8221; custom_margin=&#8221;-12px|auto||auto||&#8221; custom_padding=&#8221;15px|||||&#8221; global_colors_info=&#8221;{}&#8221;][et_pb_column type=&#8221;4_4&#8243; _builder_version=&#8221;4.27.4&#8243; _module_preset=&#8221;default&#8221; global_colors_info=&#8221;{}&#8221;][et_pb_text _builder_version=&#8221;4.27.4&#8243; _module_preset=&#8221;default&#8221; custom_margin=&#8221;||-16px|||&#8221; global_colors_info=&#8221;{}&#8221;]<\/p>\n<h1 style=\"text-align: center;\"><strong><span style=\"color: #ffffff;\">ACERVO<\/span><\/strong><\/h1>\n<p>[\/et_pb_text][\/et_pb_column][\/et_pb_row][\/et_pb_section][et_pb_section fb_built=&#8221;1&#8243; _builder_version=&#8221;4.27.4&#8243; _module_preset=&#8221;default&#8221; custom_padding=&#8221;||34px|||&#8221; global_colors_info=&#8221;{}&#8221;][et_pb_row column_structure=&#8221;1_3,1_3,1_3&#8243; _builder_version=&#8221;4.27.4&#8243; _module_preset=&#8221;default&#8221; global_colors_info=&#8221;{}&#8221;][et_pb_column type=&#8221;1_3&#8243; _builder_version=&#8221;4.27.4&#8243; _module_preset=&#8221;default&#8221; global_colors_info=&#8221;{}&#8221;][et_pb_image src=&#8221;https:\/\/garfoclube.com.br\/wp-content\/uploads\/2025\/12\/2-1.jpg&#8221; title_text=&#8221;2&#8243; url=&#8221;https:\/\/garfoclube.com.br\/index.php\/projeto-garfo-clube\/&#8221; align=&#8221;center&#8221; _builder_version=&#8221;4.27.4&#8243; _module_preset=&#8221;default&#8221; global_colors_info=&#8221;{}&#8221;][\/et_pb_image][et_pb_text _builder_version=&#8221;4.27.4&#8243; _module_preset=&#8221;default&#8221; global_colors_info=&#8221;{}&#8221;]<\/p>\n<h3><strong>Projeto do Clube<\/strong><\/h3>\n<p>[\/et_pb_text][\/et_pb_column][et_pb_column type=&#8221;1_3&#8243; _builder_version=&#8221;4.27.4&#8243; _module_preset=&#8221;default&#8221; global_colors_info=&#8221;{}&#8221;][et_pb_image src=&#8221;https:\/\/garfoclube.com.br\/wp-content\/uploads\/2025\/12\/4.jpg&#8221; title_text=&#8221;4&#8243; url=&#8221;https:\/\/garfoclube.com.br\/index.php\/marco\/&#8221; align=&#8221;center&#8221; _builder_version=&#8221;4.27.4&#8243; _module_preset=&#8221;default&#8221; global_colors_info=&#8221;{}&#8221;][\/et_pb_image][et_pb_text _builder_version=&#8221;4.27.4&#8243; _module_preset=&#8221;default&#8221; global_colors_info=&#8221;{}&#8221;]<\/p>\n<h3><strong>Marco<\/strong><\/h3>\n<p>[\/et_pb_text][\/et_pb_column][et_pb_column type=&#8221;1_3&#8243; _builder_version=&#8221;4.27.4&#8243; _module_preset=&#8221;default&#8221; global_colors_info=&#8221;{}&#8221;][et_pb_image src=&#8221;https:\/\/garfoclube.com.br\/wp-content\/uploads\/2025\/12\/3.jpg&#8221; title_text=&#8221;3&#8243; url=&#8221;https:\/\/garfoclube.com.br\/index.php\/natacao\/&#8221; align=&#8221;center&#8221; _builder_version=&#8221;4.27.4&#8243; _module_preset=&#8221;default&#8221; global_colors_info=&#8221;{}&#8221;][\/et_pb_image][et_pb_text _builder_version=&#8221;4.27.4&#8243; _module_preset=&#8221;default&#8221; global_colors_info=&#8221;{}&#8221;]<\/p>\n<h3><strong>Nata\u00e7\u00e3o<\/strong><\/h3>\n<p>[\/et_pb_text][\/et_pb_column][\/et_pb_row][et_pb_row column_structure=&#8221;1_3,1_3,1_3&#8243; _builder_version=&#8221;4.27.4&#8243; _module_preset=&#8221;default&#8221; custom_margin=&#8221;|auto|-21px|auto||&#8221; custom_padding=&#8221;||10px|||&#8221; global_colors_info=&#8221;{}&#8221;][et_pb_column type=&#8221;1_3&#8243; _builder_version=&#8221;4.27.4&#8243; _module_preset=&#8221;default&#8221; global_colors_info=&#8221;{}&#8221;][et_pb_image src=&#8221;https:\/\/garfoclube.com.br\/wp-content\/uploads\/2025\/12\/5.jpg&#8221; title_text=&#8221;5&#8243; url=&#8221;https:\/\/garfoclube.com.br\/index.php\/baile-dos-namorados\/&#8221; align=&#8221;center&#8221; _builder_version=&#8221;4.27.4&#8243; _module_preset=&#8221;default&#8221; global_colors_info=&#8221;{}&#8221;][\/et_pb_image][et_pb_text _builder_version=&#8221;4.27.4&#8243; _module_preset=&#8221;default&#8221; global_colors_info=&#8221;{}&#8221;]<\/p>\n<h3><strong>Baile dos Namorados<\/strong><\/h3>\n<p>[\/et_pb_text][\/et_pb_column][et_pb_column type=&#8221;1_3&#8243; _builder_version=&#8221;4.27.4&#8243; _module_preset=&#8221;default&#8221; global_colors_info=&#8221;{}&#8221;][et_pb_image src=&#8221;https:\/\/garfoclube.com.br\/wp-content\/uploads\/2025\/12\/6.jpg&#8221; title_text=&#8221;6&#8243; url=&#8221;https:\/\/garfoclube.com.br\/index.php\/antigas\/&#8221; align=&#8221;center&#8221; _builder_version=&#8221;4.27.4&#8243; _module_preset=&#8221;default&#8221; global_colors_info=&#8221;{}&#8221;][\/et_pb_image][et_pb_text _builder_version=&#8221;4.27.4&#8243; _module_preset=&#8221;default&#8221; global_colors_info=&#8221;{}&#8221;]<\/p>\n<h3><strong>Antigas<\/strong><\/h3>\n<p>[\/et_pb_text][\/et_pb_column][et_pb_column type=&#8221;1_3&#8243; _builder_version=&#8221;4.27.4&#8243; _module_preset=&#8221;default&#8221; global_colors_info=&#8221;{}&#8221;][\/et_pb_column][\/et_pb_row][\/et_pb_section][et_pb_section fb_built=&#8221;1&#8243; _builder_version=&#8221;4.27.4&#8243; _module_preset=&#8221;default&#8221; background_color=&#8221;#0C71C3&#8243; custom_padding=&#8221;0px||0px|||&#8221; global_colors_info=&#8221;{}&#8221;][et_pb_row _builder_version=&#8221;4.27.4&#8243; _module_preset=&#8221;default&#8221; custom_margin=&#8221;-12px|auto||auto||&#8221; global_colors_info=&#8221;{}&#8221;][et_pb_column type=&#8221;4_4&#8243; _builder_version=&#8221;4.27.4&#8243; _module_preset=&#8221;default&#8221; global_colors_info=&#8221;{}&#8221;][et_pb_text _builder_version=&#8221;4.27.4&#8243; _module_preset=&#8221;default&#8221; custom_margin=&#8221;||-16px|||&#8221; global_colors_info=&#8221;{}&#8221;]<\/p>\n<h1 style=\"text-align: center;\"><span style=\"color: #ffffff;\"><strong>O CLUBE<\/strong><\/span><\/h1>\n<p>[\/et_pb_text][\/et_pb_column][\/et_pb_row][\/et_pb_section][et_pb_section fb_built=&#8221;1&#8243; _builder_version=&#8221;4.27.4&#8243; _module_preset=&#8221;default&#8221; custom_padding=&#8221;||13px|||&#8221; global_colors_info=&#8221;{}&#8221;][et_pb_row _builder_version=&#8221;4.27.4&#8243; _module_preset=&#8221;default&#8221; custom_margin=&#8221;|auto|-35px|auto||&#8221; global_colors_info=&#8221;{}&#8221;][et_pb_column type=&#8221;4_4&#8243; _builder_version=&#8221;4.27.4&#8243; _module_preset=&#8221;default&#8221; global_colors_info=&#8221;{}&#8221;][et_pb_gallery gallery_ids=&#8221;147,148,149,150,151,152,154,155&#8243; posts_number=&#8221;9&#8243; show_title_and_caption=&#8221;off&#8221; _builder_version=&#8221;4.27.4&#8243; _module_preset=&#8221;default&#8221; custom_margin=&#8221;||-27px|||&#8221; custom_padding=&#8221;||0px|||&#8221; global_colors_info=&#8221;{}&#8221;][\/et_pb_gallery][\/et_pb_column][\/et_pb_row][\/et_pb_section][et_pb_section fb_built=&#8221;1&#8243; _builder_version=&#8221;4.27.4&#8243; _module_preset=&#8221;default&#8221; background_color=&#8221;#0C71C3&#8243; custom_padding=&#8221;0px||0px|||&#8221; global_colors_info=&#8221;{}&#8221;][et_pb_row _builder_version=&#8221;4.27.4&#8243; _module_preset=&#8221;default&#8221; custom_margin=&#8221;-12px|auto||auto||&#8221; global_colors_info=&#8221;{}&#8221;][et_pb_column type=&#8221;4_4&#8243; _builder_version=&#8221;4.27.4&#8243; _module_preset=&#8221;default&#8221; global_colors_info=&#8221;{}&#8221;][et_pb_text _builder_version=&#8221;4.27.4&#8243; _module_preset=&#8221;default&#8221; custom_margin=&#8221;||-16px|||&#8221; global_colors_info=&#8221;{}&#8221;]<\/p>\n<h1 style=\"text-align: center;\"><span style=\"color: #ffffff;\"><strong>ESPORTE<\/strong><\/span><\/h1>\n<p>[\/et_pb_text][\/et_pb_column][\/et_pb_row][\/et_pb_section][et_pb_section fb_built=&#8221;1&#8243; _builder_version=&#8221;4.27.4&#8243; _module_preset=&#8221;default&#8221; custom_padding=&#8221;22px||1px|||&#8221; global_colors_info=&#8221;{}&#8221;][et_pb_row column_structure=&#8221;1_4,1_4,1_4,1_4&#8243; _builder_version=&#8221;4.27.4&#8243; _module_preset=&#8221;default&#8221; custom_padding=&#8221;||4px|||&#8221; global_colors_info=&#8221;{}&#8221;][et_pb_column type=&#8221;1_4&#8243; _builder_version=&#8221;4.27.4&#8243; _module_preset=&#8221;default&#8221; global_colors_info=&#8221;{}&#8221;][et_pb_text _builder_version=&#8221;4.27.4&#8243; _module_preset=&#8221;default&#8221; global_colors_info=&#8221;{}&#8221;]<\/p>\n<h2 data-start=\"91\" data-end=\"107\" style=\"text-align: center;\">\ud83c\udfd0 Voleibol<\/h2>\n<h3 data-start=\"108\" data-end=\"141\" style=\"text-align: center;\"><strong data-start=\"112\" data-end=\"141\">Dias e Hor\u00e1rios de Treino<\/strong><\/h3>\n<p data-start=\"143\" data-end=\"155\" style=\"text-align: center;\"><strong data-start=\"143\" data-end=\"155\">Feminino <\/strong><strong data-start=\"158\" data-end=\"168\" style=\"font-size: 14px;\">Sub 13<\/strong><span style=\"font-size: 14px;\"> \u2013 Segunda e Quarta | <\/span><strong data-start=\"190\" data-end=\"197\" style=\"font-size: 14px;\">18h<\/strong><\/p>\n<p data-start=\"143\" data-end=\"155\" style=\"text-align: center;\"><strong data-start=\"200\" data-end=\"210\" style=\"font-size: 14px;\">Sub 16<\/strong><span style=\"font-size: 14px;\"> \u2013 Segunda e Quarta | <\/span><strong data-start=\"232\" data-end=\"239\" style=\"font-size: 14px;\">16h<\/strong><\/p>\n<p data-start=\"143\" data-end=\"155\" style=\"text-align: center;\"><strong data-start=\"242\" data-end=\"252\" style=\"font-size: 14px;\">Sub 17<\/strong><span style=\"font-size: 14px;\"> \u2013 Segunda e Quarta | <\/span><strong data-start=\"274\" data-end=\"281\" style=\"font-size: 14px;\">17h<\/strong><\/p>\n<p data-start=\"143\" data-end=\"155\" style=\"text-align: center;\"><strong data-start=\"284\" data-end=\"308\" style=\"font-size: 14px;\">Sub 19 \/ 21 \/ Adulto<\/strong><span style=\"font-size: 14px;\"> \u2013<\/span><\/p>\n<p data-start=\"143\" data-end=\"155\" style=\"text-align: center;\"><span style=\"font-size: 14px;\">Segunda e Quarta | <\/span><strong data-start=\"334\" data-end=\"341\" style=\"font-size: 14px;\">19h<\/strong><\/p>\n<p data-start=\"143\" data-end=\"155\" style=\"text-align: center;\"><span style=\"font-size: 14px;\">S\u00e1bado | <\/span><strong data-start=\"355\" data-end=\"363\" style=\"font-size: 14px;\">9h30<\/strong><\/p>\n<p data-start=\"365\" data-end=\"378\" style=\"text-align: center;\"><strong data-start=\"365\" data-end=\"378\">Masculino<\/strong><\/p>\n<p data-start=\"365\" data-end=\"378\" style=\"text-align: center;\"><strong data-start=\"381\" data-end=\"396\" style=\"font-size: 14px;\">Sub 15 \/ 17<\/strong><span style=\"font-size: 14px;\"> \u2013<\/span><\/p>\n<p data-start=\"365\" data-end=\"378\" style=\"text-align: center;\"><span style=\"font-size: 14px;\">Ter\u00e7a e Quinta | <\/span><strong data-start=\"420\" data-end=\"427\" style=\"font-size: 14px;\">16h<\/strong><\/p>\n<p data-start=\"365\" data-end=\"378\" style=\"text-align: center;\"><span style=\"font-size: 14px;\">Sexta | <\/span><strong data-start=\"440\" data-end=\"447\" style=\"font-size: 14px;\">18h<\/strong><\/p>\n<p data-start=\"365\" data-end=\"378\" style=\"text-align: center;\"><strong data-start=\"450\" data-end=\"465\" style=\"font-size: 14px;\">Sub 18 \/ 19<\/strong><span style=\"font-size: 14px;\"> \u2013<\/span><\/p>\n<p data-start=\"365\" data-end=\"378\" style=\"text-align: center;\"><span style=\"font-size: 14px;\">Ter\u00e7a e Quinta | <\/span><strong data-start=\"489\" data-end=\"498\" style=\"font-size: 14px;\">17h30<\/strong><\/p>\n<p data-start=\"365\" data-end=\"378\" style=\"text-align: center;\"><span style=\"font-size: 14px;\">Sexta | <\/span><strong data-start=\"511\" data-end=\"518\" style=\"font-size: 14px;\">19h<\/strong><\/p>\n<p data-start=\"365\" data-end=\"378\" style=\"text-align: center;\"><strong data-start=\"521\" data-end=\"540\" style=\"font-size: 14px;\">Sub 21 \/ Adulto<\/strong><span style=\"font-size: 14px;\"> \u2013<\/span><\/p>\n<p data-start=\"365\" data-end=\"378\" style=\"text-align: center;\"><span style=\"font-size: 14px;\">Segunda e Quarta | <\/span><strong data-start=\"566\" data-end=\"575\" style=\"font-size: 14px;\">20h30<\/strong><\/p>\n<p data-start=\"365\" data-end=\"378\" style=\"text-align: center;\"><span style=\"font-size: 14px;\">S\u00e1bado | <\/span><strong data-start=\"589\" data-end=\"595\" style=\"font-size: 14px;\">8h<\/strong><\/p>\n<p data-start=\"597\" data-end=\"613\" style=\"text-align: center;\"><strong data-start=\"597\" data-end=\"613\">Adulto Misto<\/strong><\/p>\n<p data-start=\"597\" data-end=\"613\" style=\"text-align: center;\"><span style=\"font-size: 14px;\">Ter\u00e7a e Quinta | <\/span><strong data-start=\"633\" data-end=\"644\" style=\"font-size: 14px;\">6h e 7h<\/strong><\/p>\n<p>[\/et_pb_text][\/et_pb_column][et_pb_column type=&#8221;1_4&#8243; _builder_version=&#8221;4.27.4&#8243; _module_preset=&#8221;default&#8221; global_colors_info=&#8221;{}&#8221;][et_pb_text _builder_version=&#8221;4.27.4&#8243; _module_preset=&#8221;default&#8221; global_colors_info=&#8221;{}&#8221;]<\/p>\n<h2 data-start=\"651\" data-end=\"669\" style=\"text-align: center;\">\ud83c\udfca\u200d\u2640\ufe0f Nata\u00e7\u00e3o<\/h2>\n<p data-start=\"670\" data-end=\"715\" style=\"text-align: center;\"><strong data-start=\"670\" data-end=\"685\">Professora:<\/strong> Karol<br data-start=\"691\" data-end=\"694\" \/><strong>Matr\u00edcula:<\/strong> R$50,00<strong data-start=\"707\" data-end=\"715\"><\/strong><\/p>\n<p data-start=\"670\" data-end=\"715\" style=\"text-align: center;\">2x na semana: R$110,00<\/p>\n<p data-start=\"670\" data-end=\"715\" style=\"text-align: center;\">3x na semana: R$140,00<\/p>\n<p data-start=\"670\" data-end=\"715\" style=\"text-align: center;\">\n<p data-start=\"670\" data-end=\"715\" style=\"text-align: center;\">\n<p data-start=\"845\" data-end=\"863\" style=\"text-align: center;\">\n<p>[\/et_pb_text][\/et_pb_column][et_pb_column type=&#8221;1_4&#8243; _builder_version=&#8221;4.27.4&#8243; _module_preset=&#8221;default&#8221; global_colors_info=&#8221;{}&#8221;][et_pb_text _builder_version=&#8221;4.27.4&#8243; _module_preset=&#8221;default&#8221; global_colors_info=&#8221;{}&#8221;]<\/p>\n<h3 data-start=\"717\" data-end=\"742\" style=\"text-align: center;\">\ud83d\udc76 Nata\u00e7\u00e3o Infantil<\/h3>\n<p data-start=\"743\" data-end=\"791\" style=\"text-align: center;\"><strong data-start=\"743\" data-end=\"758\">Professora:<\/strong> Iuri<br data-start=\"763\" data-end=\"766\" \/><strong data-start=\"766\" data-end=\"776\">Idade:<\/strong> 05 a 07 anos<\/p>\n<p data-start=\"793\" data-end=\"819\" style=\"text-align: center;\"><strong data-start=\"793\" data-end=\"802\">Dias:<\/strong> Ter\u00e7a e Quinta<\/p>\n<p data-start=\"822\" data-end=\"842\"><strong data-start=\"822\" data-end=\"840\">\u00a0 \u00a0 \u00a0 \u00a0 \u00a0 \u00a0 \u00a0 \u00a0 \u00a009h00 \u00e0s 09h30<\/strong><\/p>\n<p data-start=\"845\" data-end=\"863\" style=\"text-align: center;\"><strong data-start=\"845\" data-end=\"863\">09h40 \u00e0s 10h10<\/strong><\/p>\n<p>[\/et_pb_text][\/et_pb_column][et_pb_column type=&#8221;1_4&#8243; _builder_version=&#8221;4.27.4&#8243; _module_preset=&#8221;default&#8221; global_colors_info=&#8221;{}&#8221;][et_pb_text _builder_version=&#8221;4.27.4&#8243; _module_preset=&#8221;default&#8221; global_colors_info=&#8221;{}&#8221;]<\/p>\n<h2 data-start=\"870\" data-end=\"892\" style=\"text-align: center;\">\ud83d\udca7 Hidrogin\u00e1stica<\/h2>\n<p data-start=\"893\" data-end=\"938\" style=\"text-align: center;\"><strong data-start=\"893\" data-end=\"908\">Professora:<\/strong> Iuri<br data-start=\"913\" data-end=\"916\" \/><strong data-start=\"916\" data-end=\"928\">Hor\u00e1rio:<\/strong> <strong data-start=\"929\" data-end=\"938\">19h00<\/strong><\/p>\n<p>[\/et_pb_text][\/et_pb_column][\/et_pb_row][\/et_pb_section][et_pb_section fb_built=&#8221;1&#8243; _builder_version=&#8221;4.27.4&#8243; _module_preset=&#8221;default&#8221; background_color=&#8221;#0C71C3&#8243; custom_margin=&#8221;27px|||||&#8221; custom_padding=&#8221;0px||0px|||&#8221; global_colors_info=&#8221;{}&#8221;][et_pb_row _builder_version=&#8221;4.27.4&#8243; _module_preset=&#8221;default&#8221; custom_margin=&#8221;-12px|auto||auto||&#8221; global_colors_info=&#8221;{}&#8221;][et_pb_column type=&#8221;4_4&#8243; _builder_version=&#8221;4.27.4&#8243; _module_preset=&#8221;default&#8221; global_colors_info=&#8221;{}&#8221;][et_pb_text _builder_version=&#8221;4.27.4&#8243; _module_preset=&#8221;default&#8221; custom_margin=&#8221;||-16px|||&#8221; global_colors_info=&#8221;{}&#8221;]<\/p>\n<h1 style=\"text-align: center;\"><span style=\"color: #ffffff;\"><strong>AGENDA<\/strong><\/span><\/h1>\n<p>[\/et_pb_text][\/et_pb_column][\/et_pb_row][\/et_pb_section][et_pb_section fb_built=&#8221;1&#8243; _builder_version=&#8221;4.27.4&#8243; _module_preset=&#8221;default&#8221; custom_padding=&#8221;22px||15px|||&#8221; global_colors_info=&#8221;{}&#8221;][et_pb_row _builder_version=&#8221;4.27.4&#8243; _module_preset=&#8221;default&#8221; global_colors_info=&#8221;{}&#8221;][et_pb_column type=&#8221;4_4&#8243; _builder_version=&#8221;4.27.4&#8243; _module_preset=&#8221;default&#8221; global_colors_info=&#8221;{}&#8221;][et_pb_image src=&#8221;https:\/\/garfoclube.com.br\/wp-content\/uploads\/2025\/12\/1-1.jpg&#8221; title_text=&#8221;1-1&#8243; align=&#8221;center&#8221; _builder_version=&#8221;4.27.4&#8243; _module_preset=&#8221;default&#8221; global_colors_info=&#8221;{}&#8221;][\/et_pb_image][\/et_pb_column][\/et_pb_row][\/et_pb_section][et_pb_section fb_built=&#8221;1&#8243; _builder_version=&#8221;4.27.4&#8243; _module_preset=&#8221;default&#8221; background_color=&#8221;#0C71C3&#8243; custom_padding=&#8221;0px||0px|||&#8221; global_colors_info=&#8221;{}&#8221;][et_pb_row _builder_version=&#8221;4.27.4&#8243; _module_preset=&#8221;default&#8221; custom_margin=&#8221;-12px|auto||auto||&#8221; global_colors_info=&#8221;{}&#8221;][et_pb_column type=&#8221;4_4&#8243; _builder_version=&#8221;4.27.4&#8243; _module_preset=&#8221;default&#8221; global_colors_info=&#8221;{}&#8221;][et_pb_text _builder_version=&#8221;4.27.4&#8243; _module_preset=&#8221;default&#8221; custom_margin=&#8221;||-16px|||&#8221; global_colors_info=&#8221;{}&#8221;]<\/p>\n<h1 style=\"text-align: center;\"><span style=\"color: #ffffff;\"><strong>CONTATO<\/strong><\/span><\/h1>\n<p>[\/et_pb_text][\/et_pb_column][\/et_pb_row][\/et_pb_section][et_pb_section fb_built=&#8221;1&#8243; _builder_version=&#8221;4.27.4&#8243; _module_preset=&#8221;default&#8221; custom_padding=&#8221;21px||18px|||&#8221; global_colors_info=&#8221;{}&#8221;][et_pb_row _builder_version=&#8221;4.27.4&#8243; _module_preset=&#8221;default&#8221; global_colors_info=&#8221;{}&#8221;][et_pb_column type=&#8221;4_4&#8243; _builder_version=&#8221;4.27.4&#8243; _module_preset=&#8221;default&#8221; global_colors_info=&#8221;{}&#8221;][et_pb_text _builder_version=&#8221;4.27.4&#8243; _module_preset=&#8221;default&#8221; global_colors_info=&#8221;{}&#8221;]<\/p>\n<h4 style=\"text-align: center;\">Tel: 32753222 | 32777422<\/h4>\n<p style=\"text-align: center;\">\n<p style=\"text-align: center;\">\n<h4 style=\"text-align: center;\">garfoclube@gmail.com<\/h4>\n<p style=\"text-align: center;\">\n<p style=\"text-align: center;\">Av. Rio Doce, 4020- Ilha dos Ara\u00fajos<\/p>\n<p>[\/et_pb_text][\/et_pb_column][\/et_pb_row][\/et_pb_section]<\/p>\n","protected":false},"excerpt":{"rendered":"<p>EVENTOSCerim\u00f4nia de PoseMaraton\u00e1guaCircuito VoleibolACERVOProjeto do ClubeMarcoNata\u00e7\u00e3oBaile dos NamoradosAntigasO CLUBEESPORTE\ud83c\udfd0 Voleibol Dias e Hor\u00e1rios de Treino Feminino Sub 13 \u2013 Segunda e Quarta | 18h Sub 16 \u2013 Segunda e Quarta | 16h Sub 17 \u2013 Segunda e Quarta | 17h Sub 19 \/ 21 \/ Adulto \u2013 Segunda e Quarta | 19h S\u00e1bado | 9h30 [&hellip;]<\/p>\n","protected":false},"author":1,"featured_media":0,"parent":0,"menu_order":0,"comment_status":"closed","ping_status":"closed","template":"","meta":{"_et_pb_use_builder":"on","_et_pb_old_content":"","_et_gb_content_width":"","footnotes":""},"class_list":["post-15","page","type-page","status-publish","hentry"],"_links":{"self":[{"href":"https:\/\/garfoclube.com.br\/index.php\/wp-json\/wp\/v2\/pages\/15","targetHints":{"allow":["GET"]}}],"collection":[{"href":"https:\/\/garfoclube.com.br\/index.php\/wp-json\/wp\/v2\/pages"}],"about":[{"href":"https:\/\/garfoclube.com.br\/index.php\/wp-json\/wp\/v2\/types\/page"}],"author":[{"embeddable":true,"href":"https:\/\/garfoclube.com.br\/index.php\/wp-json\/wp\/v2\/users\/1"}],"replies":[{"embeddable":true,"href":"https:\/\/garfoclube.com.br\/index.php\/wp-json\/wp\/v2\/comments?post=15"}],"version-history":[{"count":7,"href":"https:\/\/garfoclube.com.br\/index.php\/wp-json\/wp\/v2\/pages\/15\/revisions"}],"predecessor-version":[{"id":377,"href":"https:\/\/garfoclube.com.br\/index.php\/wp-json\/wp\/v2\/pages\/15\/revisions\/377"}],"wp:attachment":[{"href":"https:\/\/garfoclube.com.br\/index.php\/wp-json\/wp\/v2\/media?parent=15"}],"curies":[{"name":"wp","href":"https:\/\/api.w.org\/{rel}","templated":true}]}}