{"id":177,"date":"2025-12-15T10:54:13","date_gmt":"2025-12-15T10:54:13","guid":{"rendered":"https:\/\/quizzical-haibt.104-156-48-234.plesk.page\/?page_id=177"},"modified":"2025-12-15T10:54:13","modified_gmt":"2025-12-15T10:54:13","slug":"circuito-de-voleibol","status":"publish","type":"page","link":"https:\/\/garfoclube.com.br\/index.php\/circuito-de-voleibol\/","title":{"rendered":"Circuito de Voleibol"},"content":{"rendered":"<p>O time foi a \u00fanica equipe valadarense a vencer os jogos de estreia da competi\u00e7\u00e3o<\/p>\n<p>Come\u00e7ou nesta ter\u00e7a-feira (11) o 1\u00ba Circuito AR 4 de Voleibol. O primeiro dia da disputa da categoria masculina sub 19 foi realizado na Pra\u00e7a de Esportes. Na estreia, o Garfo foi o \u00fanico time valadarense a vencer. A equipe venceu por 2 sets a 1 a Pra\u00e7a de Esportes (25\/14, 25\/13 e 21\/25). Na outra disputa da noite a Pra\u00e7a perdeu por 3 a 0 para o Projeto Esporte \u00e9 Vida (de Frei Inoc\u00eancio), com parciais de 25\/18, 25\/18 e 25\/16. Neste final de semana os jogos ser\u00e3o na Usipa em Ipatinga. A iniciativa \u00e9 da Federa\u00e7\u00e3o Mineira de Voleibol.<\/p>\n<p>Para o assessor da Regional Vale do A\u00e7o e Leste AR4, vinculada a Federa\u00e7\u00e3o Mineira de Voleibol, Daniel Cristiano, os jogos de estreia foram uma prova do equil\u00edbrio que ser\u00e1 a competi\u00e7\u00e3o. \u201cPra\u00e7a de Esportes de GV com uma equipe muito jovem, por\u00e9m bem treinada e orientada pelo professor Misael. A equipe do Garfo Clube do professor Vin\u00edcius teve um bom desempenho no in\u00edcio da temporada e confirmou na Vit\u00f3ria de 2 set\u2019s a 1 contra a Pra\u00e7a de Esportes. J\u00e1 a equipe de Frei Inoc\u00eancio, Projeto Esporte \u00e9 Vida, do Professor Elton, com muita experi\u00eancia, devido \u00e0s boas coloca\u00e7\u00f5es conquistadas em 2017 (campe\u00e3o) e 2018 (ficou em terceiro lugar), conseguiu vencer por 3 set\u2019s a 0 a Pra\u00e7a de Esportes. A expectativa \u00e9 que o equil\u00edbrio siga nos jogos desse fim de semana na Usipa\u201d, salientou.<\/p>\n<p>Enquanto o Projeto Esporte \u00e9 Vida disputa os circuitos da AR4 para se prepararem para os Jogos Estudantis de Minas Gerais (JEMG), o objetivo da Pra\u00e7a de Esportes \u00e9 a disputa do sub 17 de AR4. \u201cForam bons jogos. Jogamos contra Frei Inoc\u00eancio que ficou em terceiro lugar no ano passado e a equipe do Garfo que no torneio misto ganhou deles. \u00c9 o primeiro jogo dos meninos em competi\u00e7\u00f5es. Nosso principal foco esse ano \u00e9 o sub 17. Ent\u00e3o queremos fazer bons jogos para irmos bem no sub 17\u201d, explicou o t\u00e9cnico da equipe da Pra\u00e7a Misael Melo.<\/p>\n","protected":false},"excerpt":{"rendered":"<p>O time foi a \u00fanica equipe valadarense a vencer os jogos de estreia da competi\u00e7\u00e3o Come\u00e7ou nesta ter\u00e7a-feira (11) o 1\u00ba Circuito AR 4 de Voleibol. O primeiro dia da disputa da categoria masculina sub 19 foi realizado na Pra\u00e7a de Esportes. Na estreia, o Garfo foi o \u00fanico time valadarense a vencer. A equipe [&hellip;]<\/p>\n","protected":false},"author":1,"featured_media":0,"parent":0,"menu_order":0,"comment_status":"closed","ping_status":"closed","template":"","meta":{"_et_pb_use_builder":"","_et_pb_old_content":"","_et_gb_content_width":"","footnotes":""},"class_list":["post-177","page","type-page","status-publish","hentry"],"_links":{"self":[{"href":"https:\/\/garfoclube.com.br\/index.php\/wp-json\/wp\/v2\/pages\/177","targetHints":{"allow":["GET"]}}],"collection":[{"href":"https:\/\/garfoclube.com.br\/index.php\/wp-json\/wp\/v2\/pages"}],"about":[{"href":"https:\/\/garfoclube.com.br\/index.php\/wp-json\/wp\/v2\/types\/page"}],"author":[{"embeddable":true,"href":"https:\/\/garfoclube.com.br\/index.php\/wp-json\/wp\/v2\/users\/1"}],"replies":[{"embeddable":true,"href":"https:\/\/garfoclube.com.br\/index.php\/wp-json\/wp\/v2\/comments?post=177"}],"version-history":[{"count":1,"href":"https:\/\/garfoclube.com.br\/index.php\/wp-json\/wp\/v2\/pages\/177\/revisions"}],"predecessor-version":[{"id":179,"href":"https:\/\/garfoclube.com.br\/index.php\/wp-json\/wp\/v2\/pages\/177\/revisions\/179"}],"wp:attachment":[{"href":"https:\/\/garfoclube.com.br\/index.php\/wp-json\/wp\/v2\/media?parent=177"}],"curies":[{"name":"wp","href":"https:\/\/api.w.org\/{rel}","templated":true}]}}