{"id":239,"date":"2025-12-15T11:03:23","date_gmt":"2025-12-15T11:03:23","guid":{"rendered":"https:\/\/quizzical-haibt.104-156-48-234.plesk.page\/?page_id=239"},"modified":"2025-12-15T11:03:23","modified_gmt":"2025-12-15T11:03:23","slug":"diretoria","status":"publish","type":"page","link":"https:\/\/garfoclube.com.br\/index.php\/diretoria\/","title":{"rendered":"Diretoria"},"content":{"rendered":"<p>Presidente: Geraldo Eustaquio\u00a0Bicalho;<\/p>\n<p>Vice: Amaury Silva Menezes<\/p>\n<p>Diretor secret\u00e1rio: Telma Salim Vasconcelos<\/p>\n<p>Diretor Social: Reinaldo Luz da Rocha<\/p>\n<p>Diretor de Eventos: Nazareno Andelson Massucatto<\/p>\n<p>Diretor de Esporte: Anselmo Nunes do Nascimento<\/p>\n<p>Diretor do Meio Ambiente: Alexandre P\u00fablio\u00a0Pereira Santos<\/p>\n<p>Diretor Financeiro: Eduardo Leopoldo Bordes Ferreira<\/p>\n<p>Conselho Deliberativo:\u00a0 Cristiane Dornellas Almeida \u2013 Presidente, Lourival Werneck da Silva \u2013 Vice Presidente,\u00a0\u00a0Adiadna Melos,Alo\u00fdsio Ferreira,\u00a0 Breno Andrade Barroso, Bruna Rocha Barbalho, Carlos Ant\u00f4nio M. do Carmo,Gustavo Gon\u00e7alves Lopes Pinto, Liza Costa Hilel,Rog\u00e9rio Trindade.<\/p>\n<p>Suplentes: Daniel Handeri Schueng, Nivaldo Saldanha da Gama,Paulo Cesar de Oliveira Torres, Ademiro Alves Junior.<\/p>\n<p>Conselho Fiscal:\u00a0 Gilvan Carvalho dos Santos, Fernando S\u00e1 \u2013 Presidente,\u00a0\u00c1lvaro Tancredo Barbosa Barroso \u2013 Vice presidente, Carlos Teixeira Filho.<\/p>\n<p>Suplentes:\u00a0 Jos\u00e9 Fernandes da Silva, Marina Azevedo Magalh\u00e3es, Nair Maria Campos Coelho.<\/p>\n","protected":false},"excerpt":{"rendered":"<p>Presidente: Geraldo Eustaquio\u00a0Bicalho; Vice: Amaury Silva Menezes Diretor secret\u00e1rio: Telma Salim Vasconcelos Diretor Social: Reinaldo Luz da Rocha Diretor de Eventos: Nazareno Andelson Massucatto Diretor de Esporte: Anselmo Nunes do Nascimento Diretor do Meio Ambiente: Alexandre P\u00fablio\u00a0Pereira Santos Diretor Financeiro: Eduardo Leopoldo Bordes Ferreira Conselho Deliberativo:\u00a0 Cristiane Dornellas Almeida \u2013 Presidente, Lourival Werneck da Silva [&hellip;]<\/p>\n","protected":false},"author":1,"featured_media":0,"parent":0,"menu_order":0,"comment_status":"closed","ping_status":"closed","template":"","meta":{"_et_pb_use_builder":"","_et_pb_old_content":"","_et_gb_content_width":"","footnotes":""},"class_list":["post-239","page","type-page","status-publish","hentry"],"_links":{"self":[{"href":"https:\/\/garfoclube.com.br\/index.php\/wp-json\/wp\/v2\/pages\/239","targetHints":{"allow":["GET"]}}],"collection":[{"href":"https:\/\/garfoclube.com.br\/index.php\/wp-json\/wp\/v2\/pages"}],"about":[{"href":"https:\/\/garfoclube.com.br\/index.php\/wp-json\/wp\/v2\/types\/page"}],"author":[{"embeddable":true,"href":"https:\/\/garfoclube.com.br\/index.php\/wp-json\/wp\/v2\/users\/1"}],"replies":[{"embeddable":true,"href":"https:\/\/garfoclube.com.br\/index.php\/wp-json\/wp\/v2\/comments?post=239"}],"version-history":[{"count":1,"href":"https:\/\/garfoclube.com.br\/index.php\/wp-json\/wp\/v2\/pages\/239\/revisions"}],"predecessor-version":[{"id":241,"href":"https:\/\/garfoclube.com.br\/index.php\/wp-json\/wp\/v2\/pages\/239\/revisions\/241"}],"wp:attachment":[{"href":"https:\/\/garfoclube.com.br\/index.php\/wp-json\/wp\/v2\/media?parent=239"}],"curies":[{"name":"wp","href":"https:\/\/api.w.org\/{rel}","templated":true}]}}