{"id":246,"date":"2025-12-15T11:05:50","date_gmt":"2025-12-15T11:05:50","guid":{"rendered":"https:\/\/quizzical-haibt.104-156-48-234.plesk.page\/?page_id=246"},"modified":"2025-12-15T11:50:08","modified_gmt":"2025-12-15T11:50:08","slug":"informativo","status":"publish","type":"page","link":"https:\/\/garfoclube.com.br\/index.php\/informativo\/","title":{"rendered":"Informativo"},"content":{"rendered":"<div class=\"wpb_text_column wpb_content_element\">\n<div class=\"wpb_wrapper\">\n<p data-start=\"46\" data-end=\"138\">\n<p data-start=\"46\" data-end=\"138\"><img loading=\"lazy\" decoding=\"async\" class=\"aligncenter wp-image-352 size-large\" src=\"https:\/\/garfoclube.com.br\/wp-content\/uploads\/2025\/12\/33f1803b-8f49-4b6e-af36-e79748e7761e-1024x576.jpg\" alt=\"\" width=\"1024\" height=\"576\" srcset=\"https:\/\/garfoclube.com.br\/wp-content\/uploads\/2025\/12\/33f1803b-8f49-4b6e-af36-e79748e7761e-980x551.jpg 980w, https:\/\/garfoclube.com.br\/wp-content\/uploads\/2025\/12\/33f1803b-8f49-4b6e-af36-e79748e7761e-480x270.jpg 480w\" sizes=\"(min-width: 0px) and (max-width: 480px) 480px, (min-width: 481px) and (max-width: 980px) 980px, (min-width: 981px) 1024px, 100vw\" \/><\/p>\n<p style=\"text-align: center;\" data-start=\"395\" data-end=\"509\"><strong data-start=\"395\" data-end=\"432\">HOR\u00c1RIO DE FUNCIONAMENTO DO CLUBE<\/strong><br data-start=\"432\" data-end=\"435\" \/>Ter\u00e7a a sexta feira: 8h \u00e0s 22h<br data-start=\"465\" data-end=\"468\" \/>S\u00e1bados, Domingos e Feriados: 8h \u00e0s 19h<\/p>\n<p style=\"text-align: center;\" data-start=\"511\" data-end=\"652\"><strong data-start=\"511\" data-end=\"532\">Hor\u00e1rio de Sauna:<\/strong><br data-start=\"532\" data-end=\"535\" \/>Segunda-Feira: 18h \u00e0s 20h<br data-start=\"560\" data-end=\"563\" \/>Ter\u00e7a a Sexta-feira: 18h \u00e0s 21h<br data-start=\"594\" data-end=\"597\" \/>S\u00e1bado: 16h \u00e0s 19h<br data-start=\"615\" data-end=\"618\" \/>Domingo: 11h \u00e0s 13h e 16h \u00e0s 19h<\/p>\n<\/div>\n<\/div>\n","protected":false},"excerpt":{"rendered":"<p>HOR\u00c1RIO DE FUNCIONAMENTO DO CLUBETer\u00e7a a sexta feira: 8h \u00e0s 22hS\u00e1bados, Domingos e Feriados: 8h \u00e0s 19h Hor\u00e1rio de Sauna:Segunda-Feira: 18h \u00e0s 20hTer\u00e7a a Sexta-feira: 18h \u00e0s 21hS\u00e1bado: 16h \u00e0s 19hDomingo: 11h \u00e0s 13h e 16h \u00e0s 19h<\/p>\n","protected":false},"author":1,"featured_media":0,"parent":0,"menu_order":0,"comment_status":"closed","ping_status":"closed","template":"","meta":{"_et_pb_use_builder":"","_et_pb_old_content":"","_et_gb_content_width":"","footnotes":""},"class_list":["post-246","page","type-page","status-publish","hentry"],"_links":{"self":[{"href":"https:\/\/garfoclube.com.br\/index.php\/wp-json\/wp\/v2\/pages\/246","targetHints":{"allow":["GET"]}}],"collection":[{"href":"https:\/\/garfoclube.com.br\/index.php\/wp-json\/wp\/v2\/pages"}],"about":[{"href":"https:\/\/garfoclube.com.br\/index.php\/wp-json\/wp\/v2\/types\/page"}],"author":[{"embeddable":true,"href":"https:\/\/garfoclube.com.br\/index.php\/wp-json\/wp\/v2\/users\/1"}],"replies":[{"embeddable":true,"href":"https:\/\/garfoclube.com.br\/index.php\/wp-json\/wp\/v2\/comments?post=246"}],"version-history":[{"count":2,"href":"https:\/\/garfoclube.com.br\/index.php\/wp-json\/wp\/v2\/pages\/246\/revisions"}],"predecessor-version":[{"id":353,"href":"https:\/\/garfoclube.com.br\/index.php\/wp-json\/wp\/v2\/pages\/246\/revisions\/353"}],"wp:attachment":[{"href":"https:\/\/garfoclube.com.br\/index.php\/wp-json\/wp\/v2\/media?parent=246"}],"curies":[{"name":"wp","href":"https:\/\/api.w.org\/{rel}","templated":true}]}}