{"id":249,"date":"2025-12-15T11:07:01","date_gmt":"2025-12-15T11:07:01","guid":{"rendered":"https:\/\/quizzical-haibt.104-156-48-234.plesk.page\/?page_id=249"},"modified":"2025-12-15T11:07:01","modified_gmt":"2025-12-15T11:07:01","slug":"associar","status":"publish","type":"page","link":"https:\/\/garfoclube.com.br\/index.php\/associar\/","title":{"rendered":"Associar"},"content":{"rendered":"<p style=\"text-align: center;\">PLANO CONTRIBUINTE FAMILIA<br \/>\nADES\u00c3O: 400,00<br \/>\nMENSALIDADE: 220,00<br \/>\nCARTEIRINHA: 10,00<br \/>\nPLANO CONTRIBUINTE INDIVIDUAL<br \/>\nADES\u00c3O: 160,00<br \/>\nMENSALIDADE:137,00<br \/>\nCARTERINHA: 10,00<br \/>\nCONVITES:<br \/>\nTER\u00c7A A SEXTA-FEIRA: ADULTO: 50,00 CRIAN\u00c7A DE 06 A 12 ANOS: 20,00<br \/>\nS\u00c1BADO ,DOMINGO E FERIADO: ADULTO:70,00 CRIAN\u00c7A DE 06 A 12 ANOS:30,00<br \/>\n<strong>HOR\u00c1RIO DE FUNCIONAMENTO DO CLUBE<\/strong><br \/>\nTer\u00e7a \u00e0 sexta feira 8h \u00e0s 22hs<\/p>\n<p style=\"text-align: center;\">S\u00e1bados, Domingos e Feriados: 8h \u00e0s 19hs<\/p>\n<p style=\"text-align: center;\"><strong>Hor\u00e1rio de Sa\u00fana :<\/strong><\/p>\n<p style=\"text-align: center;\">Segunda \u2013 Feira: 18hs \u00e0s 20hs<\/p>\n<p style=\"text-align: center;\">Ter\u00e7a \u00e0 Sexta-feira: 18hs \u00e0s 21hs<\/p>\n<p style=\"text-align: center;\">S\u00e1bado \u2013 16hs\u00a0\u00e0s19hs<\/p>\n<p style=\"text-align: center;\">Domingo \u2013 11hs \u00e0s 13hs e 16hs \u00e0s 19 hs<\/p>\n<p style=\"text-align: center;\">\n<p style=\"text-align: center;\">Conv\u00eanio UFJF<\/p>\n<p style=\"text-align: center;\">Conv\u00eanio Sindipol<\/p>\n<p style=\"text-align: center;\">Conv\u00eanio IFMG<\/p>\n<p style=\"text-align: center;\">\n<p style=\"text-align: center;\">Dependentes dos planos fam\u00edlia:<\/p>\n<p style=\"text-align: center;\">Esposo(a)<\/p>\n<p style=\"text-align: center;\">Filhos solteiros at\u00e9 21 anos<\/p>\n<p style=\"text-align: center;\">Pai e m\u00e3e \u2013 (tendo a partir de 60 anos)<\/p>\n<p style=\"text-align: center;\">Na ades\u00e3o ao contrato o t\u00edtulo respons\u00e1vel pela mensalidade para manuten\u00e7\u00e3o fica ciente que seu vencimento ser\u00e1 todo dia 15 de cada m\u00eas<\/p>\n<p style=\"text-align: center;\">Na ades\u00e3o o titular do plano concorda em respeitar e cumprir todas as regras e regulamento j\u00e1 estabelecido no estatuto social e regimento interno ambos hospedados para consulta no site oficial do clube www.garfoclube.com<\/p>\n<p style=\"text-align: center;\">Necess\u00e1rio um s\u00f3cio cota ouro ou cota propriet\u00e1rio com mensalidade em dia para abonar a ades\u00e3o<\/p>\n","protected":false},"excerpt":{"rendered":"<p>PLANO CONTRIBUINTE FAMILIA ADES\u00c3O: 400,00 MENSALIDADE: 220,00 CARTEIRINHA: 10,00 PLANO CONTRIBUINTE INDIVIDUAL ADES\u00c3O: 160,00 MENSALIDADE:137,00 CARTERINHA: 10,00 CONVITES: TER\u00c7A A SEXTA-FEIRA: ADULTO: 50,00 CRIAN\u00c7A DE 06 A 12 ANOS: 20,00 S\u00c1BADO ,DOMINGO E FERIADO: ADULTO:70,00 CRIAN\u00c7A DE 06 A 12 ANOS:30,00 HOR\u00c1RIO DE FUNCIONAMENTO DO CLUBE Ter\u00e7a \u00e0 sexta feira 8h \u00e0s 22hs S\u00e1bados, Domingos [&hellip;]<\/p>\n","protected":false},"author":1,"featured_media":0,"parent":0,"menu_order":0,"comment_status":"closed","ping_status":"closed","template":"","meta":{"_et_pb_use_builder":"","_et_pb_old_content":"","_et_gb_content_width":"","footnotes":""},"class_list":["post-249","page","type-page","status-publish","hentry"],"_links":{"self":[{"href":"https:\/\/garfoclube.com.br\/index.php\/wp-json\/wp\/v2\/pages\/249","targetHints":{"allow":["GET"]}}],"collection":[{"href":"https:\/\/garfoclube.com.br\/index.php\/wp-json\/wp\/v2\/pages"}],"about":[{"href":"https:\/\/garfoclube.com.br\/index.php\/wp-json\/wp\/v2\/types\/page"}],"author":[{"embeddable":true,"href":"https:\/\/garfoclube.com.br\/index.php\/wp-json\/wp\/v2\/users\/1"}],"replies":[{"embeddable":true,"href":"https:\/\/garfoclube.com.br\/index.php\/wp-json\/wp\/v2\/comments?post=249"}],"version-history":[{"count":1,"href":"https:\/\/garfoclube.com.br\/index.php\/wp-json\/wp\/v2\/pages\/249\/revisions"}],"predecessor-version":[{"id":251,"href":"https:\/\/garfoclube.com.br\/index.php\/wp-json\/wp\/v2\/pages\/249\/revisions\/251"}],"wp:attachment":[{"href":"https:\/\/garfoclube.com.br\/index.php\/wp-json\/wp\/v2\/media?parent=249"}],"curies":[{"name":"wp","href":"https:\/\/api.w.org\/{rel}","templated":true}]}}