{"id":348,"date":"2025-12-15T11:47:23","date_gmt":"2025-12-15T11:47:23","guid":{"rendered":"https:\/\/garfoclube.com.br\/?page_id=348"},"modified":"2025-12-15T11:47:23","modified_gmt":"2025-12-15T11:47:23","slug":"comunicado-2","status":"publish","type":"page","link":"https:\/\/garfoclube.com.br\/index.php\/comunicado-2\/","title":{"rendered":"Comunicado"},"content":{"rendered":"<p style=\"text-align: center;\">PLANO CONTRIBUINTE FAM\u00cdLIA<br \/>\nADES\u00c3O: 400,00<br \/>\nMENSALIDADE: 220,00<br \/>\nCARTEIRINHA: 10,00<\/p>\n<p style=\"text-align: center;\">PLANO CONTRIBUINTE INDIVIDUAL<br \/>\nADES\u00c3O: 160,00<br \/>\nMENSALIDADE: 137,00<br \/>\nCARTEIRINHA: 10,00<\/p>\n<p style=\"text-align: center;\">CONVITES<br \/>\nTER\u00c7A A SEXTA-FEIRA: ADULTO: 50,00 CRIAN\u00c7A DE 06 A 12 ANOS: 20,00<br \/>\nS\u00c1BADO, DOMINGO E FERIADO: ADULTO: 70,00 CRIAN\u00c7A DE 06 A 12 ANOS: 30,00<\/p>\n<p style=\"text-align: center;\">HOR\u00c1RIO DE FUNCIONAMENTO DO CLUBE<br \/>\nTer\u00e7a a sexta feira: 8h \u00e0s 22h<br \/>\nS\u00e1bados, Domingos e Feriados: 8h \u00e0s 19h<\/p>\n<p style=\"text-align: center;\">Hor\u00e1rio de Sauna:<br \/>\nSegunda-Feira: 18h \u00e0s 20h<br \/>\nTer\u00e7a a Sexta-feira: 18h \u00e0s 21h<br \/>\nS\u00e1bado: 16h \u00e0s 19h<br \/>\nDomingo: 11h \u00e0s 13h e 16h \u00e0s 19h<\/p>\n","protected":false},"excerpt":{"rendered":"<p>PLANO CONTRIBUINTE FAM\u00cdLIA ADES\u00c3O: 400,00 MENSALIDADE: 220,00 CARTEIRINHA: 10,00 PLANO CONTRIBUINTE INDIVIDUAL ADES\u00c3O: 160,00 MENSALIDADE: 137,00 CARTEIRINHA: 10,00 CONVITES TER\u00c7A A SEXTA-FEIRA: ADULTO: 50,00 CRIAN\u00c7A DE 06 A 12 ANOS: 20,00 S\u00c1BADO, DOMINGO E FERIADO: ADULTO: 70,00 CRIAN\u00c7A DE 06 A 12 ANOS: 30,00 HOR\u00c1RIO DE FUNCIONAMENTO DO CLUBE Ter\u00e7a a sexta feira: 8h \u00e0s [&hellip;]<\/p>\n","protected":false},"author":1,"featured_media":0,"parent":0,"menu_order":0,"comment_status":"closed","ping_status":"closed","template":"","meta":{"_et_pb_use_builder":"","_et_pb_old_content":"","_et_gb_content_width":"","footnotes":""},"class_list":["post-348","page","type-page","status-publish","hentry"],"_links":{"self":[{"href":"https:\/\/garfoclube.com.br\/index.php\/wp-json\/wp\/v2\/pages\/348","targetHints":{"allow":["GET"]}}],"collection":[{"href":"https:\/\/garfoclube.com.br\/index.php\/wp-json\/wp\/v2\/pages"}],"about":[{"href":"https:\/\/garfoclube.com.br\/index.php\/wp-json\/wp\/v2\/types\/page"}],"author":[{"embeddable":true,"href":"https:\/\/garfoclube.com.br\/index.php\/wp-json\/wp\/v2\/users\/1"}],"replies":[{"embeddable":true,"href":"https:\/\/garfoclube.com.br\/index.php\/wp-json\/wp\/v2\/comments?post=348"}],"version-history":[{"count":1,"href":"https:\/\/garfoclube.com.br\/index.php\/wp-json\/wp\/v2\/pages\/348\/revisions"}],"predecessor-version":[{"id":350,"href":"https:\/\/garfoclube.com.br\/index.php\/wp-json\/wp\/v2\/pages\/348\/revisions\/350"}],"wp:attachment":[{"href":"https:\/\/garfoclube.com.br\/index.php\/wp-json\/wp\/v2\/media?parent=348"}],"curies":[{"name":"wp","href":"https:\/\/api.w.org\/{rel}","templated":true}]}}